{"id":34,"date":"2023-04-17T20:25:25","date_gmt":"2023-04-17T18:25:25","guid":{"rendered":"http:\/\/www.alpakalodge.at\/?page_id=34"},"modified":"2023-04-17T20:53:28","modified_gmt":"2023-04-17T18:53:28","slug":"impressum","status":"publish","type":"page","link":"https:\/\/alpakalodge.at\/?page_id=34","title":{"rendered":"Impressum"},"content":{"rendered":"\n<p>Herausgeber und f\u00fcr den Inhalt verantwortlich: Mag. Michael Czerny, Hochstrass 185, 3033 Altlengbach, \u00d6sterreich, Tel: +43 664 88911024, E-Mail: <a href=\"mailto:office@alpakalodge.at\" target=\"_blank\" rel=\"noreferrer noopener\">office@alpakalodge.at<\/a><\/p>\n\n\n\n<p>S\u00e4mtliche Texte, Bilder und das Markenlogo sind urheberrechtlich gesch\u00fctzt, eine Verwendung ist nur mit ausdr\u00fccklicher Genehmigung von Mag. Michael Czerny zul\u00e4ssig.<\/p>\n\n\n\n<p>Fotos wurden mit freundlicher Unterst\u00fctzung von Heidelinde Kindermann erstellt. Kontaktdaten: <a href=\"mailto:graphikmax@aon.at\" target=\"_blank\" rel=\"noreferrer noopener\">graphikmax@aon.at<\/a> oder <a href=\"http:\/\/www.graphikmax.hochstrass.at\" target=\"_blank\" rel=\"noreferrer noopener\">www.graphikmax.hochstrass.at<\/a><\/p>\n\n\n\n<p>S\u00e4mtliche Texte auf der Website wurden mit Sorgfalt gepr\u00fcft. Dessen ungeachtet kann keine Garantie f\u00fcr Richtigkeit, Vollst\u00e4ndigkeit und Aktualit\u00e4t der Angaben \u00fcbernommen werden<\/p>\n","protected":false},"excerpt":{"rendered":"<p>Herausgeber und f\u00fcr den Inhalt verantwortlich: Mag. Michael Czerny, Hochstrass 185, 3033 Altlengbach, \u00d6sterreich, Tel: +43 664 88911024, E-Mail: office@alpakalodge.at S\u00e4mtliche Texte, [&hellip;]<\/p>\n","protected":false},"author":1,"featured_media":0,"parent":0,"menu_order":0,"comment_status":"closed","ping_status":"closed","template":"","meta":{"footnotes":""},"class_list":["post-34","page","type-page","status-publish","hentry"],"_links":{"self":[{"href":"https:\/\/alpakalodge.at\/index.php?rest_route=\/wp\/v2\/pages\/34","targetHints":{"allow":["GET"]}}],"collection":[{"href":"https:\/\/alpakalodge.at\/index.php?rest_route=\/wp\/v2\/pages"}],"about":[{"href":"https:\/\/alpakalodge.at\/index.php?rest_route=\/wp\/v2\/types\/page"}],"author":[{"embeddable":true,"href":"https:\/\/alpakalodge.at\/index.php?rest_route=\/wp\/v2\/users\/1"}],"replies":[{"embeddable":true,"href":"https:\/\/alpakalodge.at\/index.php?rest_route=%2Fwp%2Fv2%2Fcomments&post=34"}],"version-history":[{"count":2,"href":"https:\/\/alpakalodge.at\/index.php?rest_route=\/wp\/v2\/pages\/34\/revisions"}],"predecessor-version":[{"id":47,"href":"https:\/\/alpakalodge.at\/index.php?rest_route=\/wp\/v2\/pages\/34\/revisions\/47"}],"wp:attachment":[{"href":"https:\/\/alpakalodge.at\/index.php?rest_route=%2Fwp%2Fv2%2Fmedia&parent=34"}],"curies":[{"name":"wp","href":"https:\/\/api.w.org\/{rel}","templated":true}]}}